{"id":53,"date":"2023-06-05T09:43:00","date_gmt":"2023-06-05T09:43:00","guid":{"rendered":"https:\/\/lacaseria.es\/normas-y-condiciones\/"},"modified":"2026-03-19T17:31:59","modified_gmt":"2026-03-19T17:31:59","slug":"normas-y-condiciones","status":"publish","type":"page","link":"https:\/\/lacaseria.es\/en\/normas-y-condiciones\/","title":{"rendered":"Rules and conditions"},"content":{"rendered":"<p>N\u00ba de inscripci\u00f3n en el Registro de Empresas Tur\u00edsticas de Extremadura: CR CC 00007 y TR CC 00212<\/p>\n\n\n\n<p>Al solicitar informaci\u00f3n y para poder aplicar la tarifa correspondiente, se indicar\u00e1 el total de personas tanto de adultos como de ni\u00f1os. SOLO SE ADMITIR\u00c1N LAS PLAZAS OFERTADAS, tanto en el interior de las casas como en el resto de instalaciones. <\/p>\n\n\n\n<p>RESERVA: <\/p>\n\n\n\n<p>Una vez solicitada la reserva al tel\u00e9fono <strong>699 82 61 07<\/strong>, para hacerla efectiva, se deber\u00e1 abonar la se\u00f1al correspondiente (Aprox. 50% del importe total),&nbsp;enviando la confirmaci\u00f3n bancaria por email o WhatsApp en las 12 horas posteriores a la reserva&nbsp;, en el n\u00ba de cuenta que se facilite, indicando nombre del solicitante y la fecha de estancia. En caso contrario, la reserva quedar\u00e1 autom\u00e1ticamente anulada, sin previo aviso y puesta a disposici\u00f3n de otros posibles clientes.<\/p>\n\n\n\n<p><strong>FORMAS DE PAGO<\/strong>, el importe restante se podr\u00e1 abonar de las siguientes formas:<br>.&nbsp;a la llegada a la casa en efectivo,&nbsp;SIEMPRE&nbsp;a la entrega de llaves.<br>Se ruega traer el importe exacto, no se aceptar\u00e1n billetes de 200 y 500 \u20ac.<br>.&nbsp;por transferencia bancaria, al menos 72 horas antes de la entrada y comunic\u00e1ndolo al propietario con antelaci\u00f3n.<\/p>\n\n\n\n<p>En nuestros alojamientos&nbsp;<strong>NO SE ADMITEN DESPEDIDAS DE SOLTERO\/A NI OTRAS CELEBRACIONES O FIESTAS<\/strong>.<\/p>\n\n\n\n<p>Est\u00e1 prohibido jugar a la pelota en el jard\u00edn. Para ello se dispone de un campo con porter\u00edas cerca del recinto.<\/p>\n\n\n\n<p>&nbsp;Los equipos de sonido de utilizar\u00e1n EXCLUSIVAMENTE en el interior de las casas.&nbsp;No se podr\u00e1n fijar banderines ni otros tipos de decoraci\u00f3n ni utilizar confetis, bengalas y similar. El incumplimiento de dichas normativas puede dar lugar a denuncia de la autoridad competente y la consiguiente sanci\u00f3n econ\u00f3mica.<\/p>\n\n\n\n<p>No est\u00e1 permitido el uso e instalaci\u00f3n&nbsp;de colchones, colchonetas, tiendas de campa\u00f1a, hinchables, carpas, etc.<\/p>\n\n\n\n<p><strong>ADMISI\u00d3N DE ANIMALES BAJO PETICI\u00d3N<\/strong><\/p>\n\n\n\n<p>Deben tener en cuenta que en la finca hay perros, por lo que &nbsp;se deber\u00e1 avisar SIEMPRE, en el momento de hacer la reserva, no siendo posible la admisi\u00f3n ya a la misma llegada. Consultar precios por mascota.<\/p>\n\n\n\n<p>No se permitir\u00e1 la entrada a perros de \u00abraza peligrosa\u00bb. El propietario ser\u00e1 responsable de cualquier incidente que ocurra con respecto a los mismos, entre ellos y con los propios de la finca.<\/p>\n\n\n\n<p><strong>HORARIOS DE ENTRADA Y SALIDA<\/strong><\/p>\n\n\n\n<p>La entrada a la casa ser\u00e1 a partir de las 16 horas del primer d\u00eda contratado y la salida hasta las 12 horas del \u00faltimo d\u00eda contratado.&nbsp;Otras opciones especiales de horario&nbsp;consultar con la propiedad.<\/p>\n\n\n\n<h4 class=\"wp-block-heading\"><strong>OTROS SERVICIOS y EXTRAS<\/strong><\/h4>\n\n\n\n<p>Para el uso de la barbacoa deber\u00e1n traer el carb\u00f3n.&nbsp;Habr\u00e1 que aplicar obligatoriamente las prohibiciones de realizarla establecidas en la legislaci\u00f3n.<\/p>\n\n\n\n<p>&nbsp;Por el emplazamiento de la finca&nbsp;EST\u00c1 TERMINANTEMENTE PROHIBIDO EL USO DE TODO TIPO DE MATERIAL PIROT\u00c9CNICO&nbsp;(petardos, bengalas, etc).<\/p>\n\n\n\n<h4 class=\"wp-block-heading\"><strong>EL USO DE LA PISCINA SER\u00c1 RESPONSABILIDAD EXCLUSIVA DE LA PERSONA o PERSONAS CONTRATANTES<\/strong><\/h4>\n\n\n\n<p>Para evitar peligros, la piscina est\u00e1 totalmente vallada, debi\u00e9ndose respetar la normativa vigente que marca la ley en esta materia.<br>La piscina se encuentra en el jard\u00edn de la Casa grande. En dicho jard\u00edn se dispondr\u00e1 una zona especifica para el uso de las casitas.<br><br><strong>POL\u00cdTICA DE ANULACI\u00d3N DE RESERVAS<br><\/strong><br>En caso de anulaci\u00f3n de la reserva de fecha con 30 o m\u00e1s d\u00edas antes de la fecha de entrada, devoluci\u00f3n del 100% del importe entregado.<\/p>\n\n\n\n<p>En caso de anular con menos de 30 d\u00edas, se perder\u00e1 el importe de la reserva.<\/p>\n\n\n\n<p>MUY IMPORTANTE: la pol\u00edtica de anulaciones de reserva SE APLICAR\u00c1 SIEMPRE, sea cual sea la causa.<\/p>\n\n\n\n<p><\/p>","protected":false},"excerpt":{"rendered":"<p>N\u00ba de inscripci\u00f3n en el Registro de Empresas Tur\u00edsticas de Extremadura: CR CC 00007 y TR CC 00212 Al solicitar informaci\u00f3n y para poder aplicar la tarifa correspondiente, se indicar\u00e1 el total de personas tanto de adultos como de ni\u00f1os. SOLO SE ADMITIR\u00c1N LAS PLAZAS OFERTADAS, tanto en el interior de las casas como en [&hellip;]<\/p>","protected":false},"author":1,"featured_media":0,"parent":0,"menu_order":0,"comment_status":"closed","ping_status":"closed","template":"","meta":{"footnotes":""},"class_list":["post-53","page","type-page","status-publish","hentry"],"_links":{"self":[{"href":"https:\/\/lacaseria.es\/en\/wp-json\/wp\/v2\/pages\/53","targetHints":{"allow":["GET"]}}],"collection":[{"href":"https:\/\/lacaseria.es\/en\/wp-json\/wp\/v2\/pages"}],"about":[{"href":"https:\/\/lacaseria.es\/en\/wp-json\/wp\/v2\/types\/page"}],"author":[{"embeddable":true,"href":"https:\/\/lacaseria.es\/en\/wp-json\/wp\/v2\/users\/1"}],"replies":[{"embeddable":true,"href":"https:\/\/lacaseria.es\/en\/wp-json\/wp\/v2\/comments?post=53"}],"version-history":[{"count":13,"href":"https:\/\/lacaseria.es\/en\/wp-json\/wp\/v2\/pages\/53\/revisions"}],"predecessor-version":[{"id":453,"href":"https:\/\/lacaseria.es\/en\/wp-json\/wp\/v2\/pages\/53\/revisions\/453"}],"wp:attachment":[{"href":"https:\/\/lacaseria.es\/en\/wp-json\/wp\/v2\/media?parent=53"}],"curies":[{"name":"wp","href":"https:\/\/api.w.org\/{rel}","templated":true}]}}