{"id":433,"date":"2025-07-21T08:51:31","date_gmt":"2025-07-21T08:51:31","guid":{"rendered":"https:\/\/lacaseria.es\/?page_id=433"},"modified":"2025-12-29T15:29:21","modified_gmt":"2025-12-29T15:29:21","slug":"aviso-legal","status":"publish","type":"page","link":"https:\/\/lacaseria.es\/en\/aviso-legal\/","title":{"rendered":"Aviso legal"},"content":{"rendered":"<p>En cumplimiento con el deber de informaci\u00f3n recogido en art\u00edculo 10 de la Ley 34\/2002, de 11 de julio, de Servicios de la Sociedad de la Informaci\u00f3n y del Comercio Electr\u00f3nico (LSSICE), el propietario de la web , le informa de lo siguiente:<\/p>\n\n\n\n<ul class=\"wp-block-list\">\n<li>Denominaci\u00f3n social: La Caser\u00eda, C.B.<\/li>\n\n\n\n<li>NIF: E10319549<\/li>\n\n\n\n<li>Domicilio: Finca La Caser\u00eda, Carretera Nacional 110, Km. 378,5 , 10613 &#8211; Navaconcejo (C\u00e1ceres)<\/li>\n<\/ul>\n\n\n\n<p>Con los l\u00edmites establecidos en la ley, La Caser\u00eda, C.B. no asume ninguna responsabilidad derivada de la falta de veracidad, integridad, actualizaci\u00f3n y precisi\u00f3n de los datos o informaciones que contienen sus p\u00e1ginas web.<\/p>\n\n\n\n<p>Los contenidos e informaci\u00f3n no vinculan a La Caser\u00eda, C.B. ni constituyen opiniones, consejos o asesoramiento legal de ning\u00fan tipo pues se trata meramente de un servicio ofrecido con car\u00e1cter informativo y divulgativo.<\/p>\n\n\n\n<p>Las p\u00e1ginas de Internet de La Caser\u00eda, C.B. pueden contener enlaces (links) a otras p\u00e1ginas de terceras partes que La Caser\u00eda, C.B. no puede controlar. Por lo tanto, La Caser\u00eda, C.B. no puede asumir responsabilidades por el contenido que pueda aparecer en p\u00e1ginas de terceros.<\/p>\n\n\n\n<p>Los textos, im\u00e1genes, sonidos, animaciones, software y el resto de contenidos incluidos en este website son propiedad exclusiva de La Caser\u00eda, C.B. o sus licenciantes. Cualquier acto de transmisi\u00f3n, distribuci\u00f3n, cesi\u00f3n, reproducci\u00f3n, almacenamiento o comunicaci\u00f3n p\u00fablica total o parcial, deber\u00e1 contar con el consentimiento expreso de La Caser\u00eda, C.B. .<\/p>\n\n\n\n<p>Asimismo, para acceder a algunos de los servicios que La Caser\u00eda, C.B. ofrece a trav\u00e9s del sitio web, deber\u00e1 proporcionar algunos datos de car\u00e1cter personal. En cumplimiento de lo establecido en el Reglamento (UE) 2016\/679 del Parlamento Europeo y del Consejo, de 27 de abril de 2016, relativo a la protecci\u00f3n de las personas f\u00edsicas en lo que respecta al tratamiento de datos personales y a la libre circulaci\u00f3n de estos datos le informamos que, mediante la cumplimentaci\u00f3n de los presentes formularios, sus datos personales quedar\u00e1n incorporados y ser\u00e1n tratados en los ficheros de La Caser\u00eda, C.B. con el fin de poderle prestar y ofrecer nuestros servicios as\u00ed como para informarle de las mejoras del sitio Web.<\/p>\n\n\n\n<p>Le informamos tambi\u00e9n de que tendr\u00e1 la posibilidad en todo momento de ejercer los derechos de acceso, rectificaci\u00f3n, cancelaci\u00f3n, oposici\u00f3n, limitaci\u00f3n y portabilidad de sus datos de car\u00e1cter personal, de manera gratuita mediante email a: fincalacaseria@gmail.com o en la direcci\u00f3n: Finca La Caser\u00eda, Carretera Nacional 110, Km. 378,5 , 10613 &#8211; Navaconcejo (C\u00e1ceres).<\/p>\n\n\n\n<p>REV: 20.3009<\/p>","protected":false},"excerpt":{"rendered":"<p>En cumplimiento con el deber de informaci\u00f3n recogido en art\u00edculo 10 de la Ley 34\/2002, de 11 de julio, de Servicios de la Sociedad de la Informaci\u00f3n y del Comercio Electr\u00f3nico (LSSICE), el propietario de la web , le informa de lo siguiente: Con los l\u00edmites establecidos en la ley, La Caser\u00eda, C.B. no asume [&hellip;]<\/p>","protected":false},"author":3,"featured_media":0,"parent":0,"menu_order":0,"comment_status":"closed","ping_status":"closed","template":"page-templates\/contenido.php","meta":{"footnotes":""},"class_list":["post-433","page","type-page","status-publish","hentry"],"_links":{"self":[{"href":"https:\/\/lacaseria.es\/en\/wp-json\/wp\/v2\/pages\/433","targetHints":{"allow":["GET"]}}],"collection":[{"href":"https:\/\/lacaseria.es\/en\/wp-json\/wp\/v2\/pages"}],"about":[{"href":"https:\/\/lacaseria.es\/en\/wp-json\/wp\/v2\/types\/page"}],"author":[{"embeddable":true,"href":"https:\/\/lacaseria.es\/en\/wp-json\/wp\/v2\/users\/3"}],"replies":[{"embeddable":true,"href":"https:\/\/lacaseria.es\/en\/wp-json\/wp\/v2\/comments?post=433"}],"version-history":[{"count":2,"href":"https:\/\/lacaseria.es\/en\/wp-json\/wp\/v2\/pages\/433\/revisions"}],"predecessor-version":[{"id":443,"href":"https:\/\/lacaseria.es\/en\/wp-json\/wp\/v2\/pages\/433\/revisions\/443"}],"wp:attachment":[{"href":"https:\/\/lacaseria.es\/en\/wp-json\/wp\/v2\/media?parent=433"}],"curies":[{"name":"wp","href":"https:\/\/api.w.org\/{rel}","templated":true}]}}